{"id":570,"date":"2020-08-23T07:23:58","date_gmt":"2020-08-23T07:23:58","guid":{"rendered":"https:\/\/oszd.ch\/?page_id=570"},"modified":"2023-10-22T13:47:23","modified_gmt":"2023-10-22T13:47:23","slug":"oeffentliches-baden","status":"publish","type":"page","link":"https:\/\/oszd.ch\/?page_id=570","title":{"rendered":"\u00d6ffentliches Baden"},"content":{"rendered":"\n<p><\/p>\n\n\n\n<p>Das Hallenbad steht der \u00d6ffentlichkeit am Mittwoch, jeweils von15.30 bis 19.30 zur Verf\u00fcgung. W\u00e4hrend den Schulferien bleibt das Hallenbad geschlossen.<\/p>\n\n\n\n<p><strong>Familien herzlich willkommen! <\/strong>Unser Hallenbad ist klein, fein, \u00fcberschaubar und selten mit einer grossen Menschenmasse \u00fcberf\u00fcllt. Kinder und Erwachsene finden dort ein sch\u00f6nes Ambiente und viele Spielger\u00e4te f\u00fcr ungest\u00f6rtes Schwimmvergn\u00fcgen.<\/p>\n\n\n","protected":false},"excerpt":{"rendered":"<p>Das Hallenbad steht der \u00d6ffentlichkeit am Mittwoch, jeweils von15.30 bis 19.30 zur Verf\u00fcgung. W\u00e4hrend den Schulferien bleibt das Hallenbad geschlossen.&hellip;<\/p>\n","protected":false},"author":5,"featured_media":0,"parent":0,"menu_order":0,"comment_status":"closed","ping_status":"closed","template":"","meta":{"footnotes":""},"yoast_head":"<!-- This site is optimized with the Yoast SEO plugin v24.5 - https:\/\/yoast.com\/wordpress\/plugins\/seo\/ -->\n<title>\u00d6ffentliches Baden - OSZD<\/title>\n<meta name=\"robots\" content=\"index, follow, max-snippet:-1, max-image-preview:large, max-video-preview:-1\" \/>\n<link rel=\"canonical\" href=\"https:\/\/oszd.ch\/?page_id=570\" \/>\n<meta property=\"og:locale\" content=\"de_DE\" \/>\n<meta property=\"og:type\" content=\"article\" \/>\n<meta property=\"og:title\" content=\"\u00d6ffentliches Baden - OSZD\" \/>\n<meta property=\"og:description\" content=\"Das Hallenbad steht der \u00d6ffentlichkeit am Mittwoch, jeweils von15.30 bis 19.30 zur Verf\u00fcgung. W\u00e4hrend den Schulferien bleibt das Hallenbad geschlossen.&hellip;\" \/>\n<meta property=\"og:url\" content=\"https:\/\/oszd.ch\/?page_id=570\" \/>\n<meta property=\"og:site_name\" content=\"OSZD\" \/>\n<meta property=\"article:modified_time\" content=\"2023-10-22T13:47:23+00:00\" \/>\n<meta name=\"twitter:card\" content=\"summary_large_image\" \/>\n<meta name=\"twitter:label1\" content=\"Gesch\u00e4tzte Lesezeit\" \/>\n\t<meta name=\"twitter:data1\" content=\"1\u00a0Minute\" \/>\n<script type=\"application\/ld+json\" class=\"yoast-schema-graph\">{\"@context\":\"https:\/\/schema.org\",\"@graph\":[{\"@type\":\"WebPage\",\"@id\":\"https:\/\/oszd.ch\/?page_id=570\",\"url\":\"https:\/\/oszd.ch\/?page_id=570\",\"name\":\"\u00d6ffentliches Baden - OSZD\",\"isPartOf\":{\"@id\":\"https:\/\/oszd.ch\/#website\"},\"datePublished\":\"2020-08-23T07:23:58+00:00\",\"dateModified\":\"2023-10-22T13:47:23+00:00\",\"breadcrumb\":{\"@id\":\"https:\/\/oszd.ch\/?page_id=570#breadcrumb\"},\"inLanguage\":\"de\",\"potentialAction\":[{\"@type\":\"ReadAction\",\"target\":[\"https:\/\/oszd.ch\/?page_id=570\"]}]},{\"@type\":\"BreadcrumbList\",\"@id\":\"https:\/\/oszd.ch\/?page_id=570#breadcrumb\",\"itemListElement\":[{\"@type\":\"ListItem\",\"position\":1,\"name\":\"Startseite\",\"item\":\"https:\/\/oszd.ch\/\"},{\"@type\":\"ListItem\",\"position\":2,\"name\":\"\u00d6ffentliches Baden\"}]},{\"@type\":\"WebSite\",\"@id\":\"https:\/\/oszd.ch\/#website\",\"url\":\"https:\/\/oszd.ch\/\",\"name\":\"OSZD\",\"description\":\"Oberstufenzentrum Dorneckberg\",\"publisher\":{\"@id\":\"https:\/\/oszd.ch\/#organization\"},\"potentialAction\":[{\"@type\":\"SearchAction\",\"target\":{\"@type\":\"EntryPoint\",\"urlTemplate\":\"https:\/\/oszd.ch\/?s={search_term_string}\"},\"query-input\":{\"@type\":\"PropertyValueSpecification\",\"valueRequired\":true,\"valueName\":\"search_term_string\"}}],\"inLanguage\":\"de\"},{\"@type\":\"Organization\",\"@id\":\"https:\/\/oszd.ch\/#organization\",\"name\":\"OSZD\",\"url\":\"https:\/\/oszd.ch\/\",\"logo\":{\"@type\":\"ImageObject\",\"inLanguage\":\"de\",\"@id\":\"https:\/\/oszd.ch\/#\/schema\/logo\/image\/\",\"url\":\"https:\/\/oszd.ch\/wp-content\/uploads\/2020\/06\/cropped-OSZD-Original-CMYK_WEB.jpg\",\"contentUrl\":\"https:\/\/oszd.ch\/wp-content\/uploads\/2020\/06\/cropped-OSZD-Original-CMYK_WEB.jpg\",\"width\":1240,\"height\":506,\"caption\":\"OSZD\"},\"image\":{\"@id\":\"https:\/\/oszd.ch\/#\/schema\/logo\/image\/\"}}]}<\/script>\n<!-- \/ Yoast SEO plugin. -->","yoast_head_json":{"title":"\u00d6ffentliches Baden - OSZD","robots":{"index":"index","follow":"follow","max-snippet":"max-snippet:-1","max-image-preview":"max-image-preview:large","max-video-preview":"max-video-preview:-1"},"canonical":"https:\/\/oszd.ch\/?page_id=570","og_locale":"de_DE","og_type":"article","og_title":"\u00d6ffentliches Baden - OSZD","og_description":"Das Hallenbad steht der \u00d6ffentlichkeit am Mittwoch, jeweils von15.30 bis 19.30 zur Verf\u00fcgung. W\u00e4hrend den Schulferien bleibt das Hallenbad geschlossen.&hellip;","og_url":"https:\/\/oszd.ch\/?page_id=570","og_site_name":"OSZD","article_modified_time":"2023-10-22T13:47:23+00:00","twitter_card":"summary_large_image","twitter_misc":{"Gesch\u00e4tzte Lesezeit":"1\u00a0Minute"},"schema":{"@context":"https:\/\/schema.org","@graph":[{"@type":"WebPage","@id":"https:\/\/oszd.ch\/?page_id=570","url":"https:\/\/oszd.ch\/?page_id=570","name":"\u00d6ffentliches Baden - OSZD","isPartOf":{"@id":"https:\/\/oszd.ch\/#website"},"datePublished":"2020-08-23T07:23:58+00:00","dateModified":"2023-10-22T13:47:23+00:00","breadcrumb":{"@id":"https:\/\/oszd.ch\/?page_id=570#breadcrumb"},"inLanguage":"de","potentialAction":[{"@type":"ReadAction","target":["https:\/\/oszd.ch\/?page_id=570"]}]},{"@type":"BreadcrumbList","@id":"https:\/\/oszd.ch\/?page_id=570#breadcrumb","itemListElement":[{"@type":"ListItem","position":1,"name":"Startseite","item":"https:\/\/oszd.ch\/"},{"@type":"ListItem","position":2,"name":"\u00d6ffentliches Baden"}]},{"@type":"WebSite","@id":"https:\/\/oszd.ch\/#website","url":"https:\/\/oszd.ch\/","name":"OSZD","description":"Oberstufenzentrum Dorneckberg","publisher":{"@id":"https:\/\/oszd.ch\/#organization"},"potentialAction":[{"@type":"SearchAction","target":{"@type":"EntryPoint","urlTemplate":"https:\/\/oszd.ch\/?s={search_term_string}"},"query-input":{"@type":"PropertyValueSpecification","valueRequired":true,"valueName":"search_term_string"}}],"inLanguage":"de"},{"@type":"Organization","@id":"https:\/\/oszd.ch\/#organization","name":"OSZD","url":"https:\/\/oszd.ch\/","logo":{"@type":"ImageObject","inLanguage":"de","@id":"https:\/\/oszd.ch\/#\/schema\/logo\/image\/","url":"https:\/\/oszd.ch\/wp-content\/uploads\/2020\/06\/cropped-OSZD-Original-CMYK_WEB.jpg","contentUrl":"https:\/\/oszd.ch\/wp-content\/uploads\/2020\/06\/cropped-OSZD-Original-CMYK_WEB.jpg","width":1240,"height":506,"caption":"OSZD"},"image":{"@id":"https:\/\/oszd.ch\/#\/schema\/logo\/image\/"}}]}},"_links":{"self":[{"href":"https:\/\/oszd.ch\/index.php?rest_route=\/wp\/v2\/pages\/570"}],"collection":[{"href":"https:\/\/oszd.ch\/index.php?rest_route=\/wp\/v2\/pages"}],"about":[{"href":"https:\/\/oszd.ch\/index.php?rest_route=\/wp\/v2\/types\/page"}],"author":[{"embeddable":true,"href":"https:\/\/oszd.ch\/index.php?rest_route=\/wp\/v2\/users\/5"}],"replies":[{"embeddable":true,"href":"https:\/\/oszd.ch\/index.php?rest_route=%2Fwp%2Fv2%2Fcomments&post=570"}],"version-history":[{"count":12,"href":"https:\/\/oszd.ch\/index.php?rest_route=\/wp\/v2\/pages\/570\/revisions"}],"predecessor-version":[{"id":2909,"href":"https:\/\/oszd.ch\/index.php?rest_route=\/wp\/v2\/pages\/570\/revisions\/2909"}],"wp:attachment":[{"href":"https:\/\/oszd.ch\/index.php?rest_route=%2Fwp%2Fv2%2Fmedia&parent=570"}],"curies":[{"name":"wp","href":"https:\/\/api.w.org\/{rel}","templated":true}]}}