{"id":2623,"date":"2023-06-26T12:59:29","date_gmt":"2023-06-26T12:59:29","guid":{"rendered":"https:\/\/oszd.ch\/?page_id=2623"},"modified":"2025-07-02T17:26:40","modified_gmt":"2025-07-02T15:26:40","slug":"stundenplaene","status":"publish","type":"page","link":"https:\/\/oszd.ch\/?page_id=2623","title":{"rendered":"Stundenpl\u00e4ne"},"content":{"rendered":"\t\t<div data-elementor-type=\"wp-page\" data-elementor-id=\"2623\" class=\"elementor elementor-2623\">\n\t\t\t\t\t\t<section class=\"elementor-section elementor-top-section elementor-element elementor-element-70fc5299 elementor-section-boxed elementor-section-height-default elementor-section-height-default\" data-id=\"70fc5299\" data-element_type=\"section\">\n\t\t\t\t\t\t<div class=\"elementor-container elementor-column-gap-default\">\n\t\t\t\t\t<div class=\"elementor-column elementor-col-100 elementor-top-column elementor-element elementor-element-40f188d3\" data-id=\"40f188d3\" data-element_type=\"column\">\n\t\t\t<div class=\"elementor-widget-wrap\">\n\t\t\t\t\t\t\t<\/div>\n\t\t<\/div>\n\t\t\t\t\t<\/div>\n\t\t<\/section>\n\t\t<div class=\"elementor-element elementor-element-8aa92b9 e-flex e-con-boxed e-con e-parent\" data-id=\"8aa92b9\" data-element_type=\"container\">\n\t\t\t\t\t<div class=\"e-con-inner\">\n\t\t\t\t<div class=\"elementor-element elementor-element-dd9bc38 elementor-widget elementor-widget-text-editor\" data-id=\"dd9bc38\" data-element_type=\"widget\" data-widget_type=\"text-editor.default\">\n\t\t\t\t<div class=\"elementor-widget-container\">\n\t\t\t\t\t\t\t\t\t<p><span style=\"color: #000000;\"><strong>Nachstehend die Stundenpl\u00e4ne f\u00fcr das Schuljahr 2025\/2026<\/strong><\/span><\/p>\n<p><a href=\"https:\/\/oszd.ch\/wp-content\/uploads\/2025\/07\/2526_Stundenplan_B1.pdf\">Sek B1<\/a><\/p>\n<p><a href=\"https:\/\/oszd.ch\/wp-content\/uploads\/2025\/07\/2526_Stundenplan_B2.pdf\">Sek B2<\/a><\/p>\n<p><a href=\"https:\/\/oszd.ch\/wp-content\/uploads\/2025\/07\/2526_Stundenplan_B3.pdf\">Sek B3<\/a><\/p>\n<p><a href=\"https:\/\/oszd.ch\/wp-content\/uploads\/2025\/07\/E2526_Stundenplan_E1.pdf\">Sek E1<\/a><\/p>\n<p><a href=\"https:\/\/oszd.ch\/wp-content\/uploads\/2025\/07\/E2526_Stundenplan_E2.pdf\">Sek E2<\/a><\/p>\n<p><a href=\"https:\/\/oszd.ch\/wp-content\/uploads\/2025\/07\/E2526_Stundenplan_E3.pdf\">Sek E3<\/a><\/p>\n<p><a href=\"https:\/\/oszd.ch\/wp-content\/uploads\/2025\/07\/E2526_Stundenplan_EP1.pdf\">Sek EP1<\/a><\/p>\n<p><a href=\"https:\/\/oszd.ch\/wp-content\/uploads\/2025\/07\/E2526_Stundenplan_EP2.pdf\">Sek EP2<\/a><\/p>\n<p><a href=\"https:\/\/oszd.ch\/wp-content\/uploads\/2025\/07\/E2526_Stundenplan_EP3.pdf\">Sek EP3<\/a><\/p>\n<p><a href=\"https:\/\/oszd.ch\/wp-content\/uploads\/2025\/07\/Abkuerzungen_Faecher-SJ2526.pdf\">Abk\u00fcrzungen F\u00e4cher<\/a><\/p>\t\t\t\t\t\t\t\t<\/div>\n\t\t\t\t<\/div>\n\t\t\t\t\t<\/div>\n\t\t\t\t<\/div>\n\t\t\t\t<\/div>\n\t\t","protected":false},"excerpt":{"rendered":"<p>Nachstehend die Stundenpl\u00e4ne f\u00fcr das Schuljahr 2025\/2026 Sek B1 Sek B2 Sek B3 Sek E1 Sek E2 Sek E3 Sek&hellip;<\/p>\n","protected":false},"author":5,"featured_media":0,"parent":0,"menu_order":0,"comment_status":"closed","ping_status":"closed","template":"","meta":{"footnotes":""},"yoast_head":"<!-- This site is optimized with the Yoast SEO plugin v24.5 - https:\/\/yoast.com\/wordpress\/plugins\/seo\/ -->\n<title>Stundenpl\u00e4ne - OSZD<\/title>\n<meta name=\"robots\" content=\"index, follow, max-snippet:-1, max-image-preview:large, max-video-preview:-1\" \/>\n<link rel=\"canonical\" href=\"https:\/\/oszd.ch\/?page_id=2623\" \/>\n<meta property=\"og:locale\" content=\"de_DE\" \/>\n<meta property=\"og:type\" content=\"article\" \/>\n<meta property=\"og:title\" content=\"Stundenpl\u00e4ne - OSZD\" \/>\n<meta property=\"og:description\" content=\"Nachstehend die Stundenpl\u00e4ne f\u00fcr das Schuljahr 2025\/2026 Sek B1 Sek B2 Sek B3 Sek E1 Sek E2 Sek E3 Sek&hellip;\" \/>\n<meta property=\"og:url\" content=\"https:\/\/oszd.ch\/?page_id=2623\" \/>\n<meta property=\"og:site_name\" content=\"OSZD\" \/>\n<meta property=\"article:modified_time\" content=\"2025-07-02T15:26:40+00:00\" \/>\n<meta name=\"twitter:card\" content=\"summary_large_image\" \/>\n<meta name=\"twitter:label1\" content=\"Gesch\u00e4tzte Lesezeit\" \/>\n\t<meta name=\"twitter:data1\" content=\"1\u00a0Minute\" \/>\n<script type=\"application\/ld+json\" class=\"yoast-schema-graph\">{\"@context\":\"https:\/\/schema.org\",\"@graph\":[{\"@type\":\"WebPage\",\"@id\":\"https:\/\/oszd.ch\/?page_id=2623\",\"url\":\"https:\/\/oszd.ch\/?page_id=2623\",\"name\":\"Stundenpl\u00e4ne - OSZD\",\"isPartOf\":{\"@id\":\"https:\/\/oszd.ch\/#website\"},\"datePublished\":\"2023-06-26T12:59:29+00:00\",\"dateModified\":\"2025-07-02T15:26:40+00:00\",\"breadcrumb\":{\"@id\":\"https:\/\/oszd.ch\/?page_id=2623#breadcrumb\"},\"inLanguage\":\"de\",\"potentialAction\":[{\"@type\":\"ReadAction\",\"target\":[\"https:\/\/oszd.ch\/?page_id=2623\"]}]},{\"@type\":\"BreadcrumbList\",\"@id\":\"https:\/\/oszd.ch\/?page_id=2623#breadcrumb\",\"itemListElement\":[{\"@type\":\"ListItem\",\"position\":1,\"name\":\"Startseite\",\"item\":\"https:\/\/oszd.ch\/\"},{\"@type\":\"ListItem\",\"position\":2,\"name\":\"Stundenpl\u00e4ne\"}]},{\"@type\":\"WebSite\",\"@id\":\"https:\/\/oszd.ch\/#website\",\"url\":\"https:\/\/oszd.ch\/\",\"name\":\"OSZD\",\"description\":\"Oberstufenzentrum Dorneckberg\",\"publisher\":{\"@id\":\"https:\/\/oszd.ch\/#organization\"},\"potentialAction\":[{\"@type\":\"SearchAction\",\"target\":{\"@type\":\"EntryPoint\",\"urlTemplate\":\"https:\/\/oszd.ch\/?s={search_term_string}\"},\"query-input\":{\"@type\":\"PropertyValueSpecification\",\"valueRequired\":true,\"valueName\":\"search_term_string\"}}],\"inLanguage\":\"de\"},{\"@type\":\"Organization\",\"@id\":\"https:\/\/oszd.ch\/#organization\",\"name\":\"OSZD\",\"url\":\"https:\/\/oszd.ch\/\",\"logo\":{\"@type\":\"ImageObject\",\"inLanguage\":\"de\",\"@id\":\"https:\/\/oszd.ch\/#\/schema\/logo\/image\/\",\"url\":\"https:\/\/oszd.ch\/wp-content\/uploads\/2020\/06\/cropped-OSZD-Original-CMYK_WEB.jpg\",\"contentUrl\":\"https:\/\/oszd.ch\/wp-content\/uploads\/2020\/06\/cropped-OSZD-Original-CMYK_WEB.jpg\",\"width\":1240,\"height\":506,\"caption\":\"OSZD\"},\"image\":{\"@id\":\"https:\/\/oszd.ch\/#\/schema\/logo\/image\/\"}}]}<\/script>\n<!-- \/ Yoast SEO plugin. -->","yoast_head_json":{"title":"Stundenpl\u00e4ne - OSZD","robots":{"index":"index","follow":"follow","max-snippet":"max-snippet:-1","max-image-preview":"max-image-preview:large","max-video-preview":"max-video-preview:-1"},"canonical":"https:\/\/oszd.ch\/?page_id=2623","og_locale":"de_DE","og_type":"article","og_title":"Stundenpl\u00e4ne - OSZD","og_description":"Nachstehend die Stundenpl\u00e4ne f\u00fcr das Schuljahr 2025\/2026 Sek B1 Sek B2 Sek B3 Sek E1 Sek E2 Sek E3 Sek&hellip;","og_url":"https:\/\/oszd.ch\/?page_id=2623","og_site_name":"OSZD","article_modified_time":"2025-07-02T15:26:40+00:00","twitter_card":"summary_large_image","twitter_misc":{"Gesch\u00e4tzte Lesezeit":"1\u00a0Minute"},"schema":{"@context":"https:\/\/schema.org","@graph":[{"@type":"WebPage","@id":"https:\/\/oszd.ch\/?page_id=2623","url":"https:\/\/oszd.ch\/?page_id=2623","name":"Stundenpl\u00e4ne - OSZD","isPartOf":{"@id":"https:\/\/oszd.ch\/#website"},"datePublished":"2023-06-26T12:59:29+00:00","dateModified":"2025-07-02T15:26:40+00:00","breadcrumb":{"@id":"https:\/\/oszd.ch\/?page_id=2623#breadcrumb"},"inLanguage":"de","potentialAction":[{"@type":"ReadAction","target":["https:\/\/oszd.ch\/?page_id=2623"]}]},{"@type":"BreadcrumbList","@id":"https:\/\/oszd.ch\/?page_id=2623#breadcrumb","itemListElement":[{"@type":"ListItem","position":1,"name":"Startseite","item":"https:\/\/oszd.ch\/"},{"@type":"ListItem","position":2,"name":"Stundenpl\u00e4ne"}]},{"@type":"WebSite","@id":"https:\/\/oszd.ch\/#website","url":"https:\/\/oszd.ch\/","name":"OSZD","description":"Oberstufenzentrum Dorneckberg","publisher":{"@id":"https:\/\/oszd.ch\/#organization"},"potentialAction":[{"@type":"SearchAction","target":{"@type":"EntryPoint","urlTemplate":"https:\/\/oszd.ch\/?s={search_term_string}"},"query-input":{"@type":"PropertyValueSpecification","valueRequired":true,"valueName":"search_term_string"}}],"inLanguage":"de"},{"@type":"Organization","@id":"https:\/\/oszd.ch\/#organization","name":"OSZD","url":"https:\/\/oszd.ch\/","logo":{"@type":"ImageObject","inLanguage":"de","@id":"https:\/\/oszd.ch\/#\/schema\/logo\/image\/","url":"https:\/\/oszd.ch\/wp-content\/uploads\/2020\/06\/cropped-OSZD-Original-CMYK_WEB.jpg","contentUrl":"https:\/\/oszd.ch\/wp-content\/uploads\/2020\/06\/cropped-OSZD-Original-CMYK_WEB.jpg","width":1240,"height":506,"caption":"OSZD"},"image":{"@id":"https:\/\/oszd.ch\/#\/schema\/logo\/image\/"}}]}},"_links":{"self":[{"href":"https:\/\/oszd.ch\/index.php?rest_route=\/wp\/v2\/pages\/2623"}],"collection":[{"href":"https:\/\/oszd.ch\/index.php?rest_route=\/wp\/v2\/pages"}],"about":[{"href":"https:\/\/oszd.ch\/index.php?rest_route=\/wp\/v2\/types\/page"}],"author":[{"embeddable":true,"href":"https:\/\/oszd.ch\/index.php?rest_route=\/wp\/v2\/users\/5"}],"replies":[{"embeddable":true,"href":"https:\/\/oszd.ch\/index.php?rest_route=%2Fwp%2Fv2%2Fcomments&post=2623"}],"version-history":[{"count":70,"href":"https:\/\/oszd.ch\/index.php?rest_route=\/wp\/v2\/pages\/2623\/revisions"}],"predecessor-version":[{"id":3837,"href":"https:\/\/oszd.ch\/index.php?rest_route=\/wp\/v2\/pages\/2623\/revisions\/3837"}],"wp:attachment":[{"href":"https:\/\/oszd.ch\/index.php?rest_route=%2Fwp%2Fv2%2Fmedia&parent=2623"}],"curies":[{"name":"wp","href":"https:\/\/api.w.org\/{rel}","templated":true}]}}