{"id":119,"date":"2020-01-01T09:27:42","date_gmt":"2020-01-01T09:27:42","guid":{"rendered":"https:\/\/www.oszd-bueren.ch\/?page_id=119"},"modified":"2025-09-01T16:54:42","modified_gmt":"2025-09-01T14:54:42","slug":"berufsberatung","status":"publish","type":"page","link":"https:\/\/oszd.ch\/?page_id=119","title":{"rendered":"Berufsberatung"},"content":{"rendered":"\t\t<div data-elementor-type=\"wp-page\" data-elementor-id=\"119\" class=\"elementor elementor-119\">\n\t\t\t\t<div class=\"elementor-element elementor-element-36e7303d e-flex e-con-boxed e-con e-parent\" data-id=\"36e7303d\" data-element_type=\"container\">\n\t\t\t\t\t<div class=\"e-con-inner\">\n\t\t\t\t<div class=\"elementor-element elementor-element-194afb12 elementor-widget elementor-widget-text-editor\" data-id=\"194afb12\" data-element_type=\"widget\" data-widget_type=\"text-editor.default\">\n\t\t\t\t<div class=\"elementor-widget-container\">\n\t\t\t\t\t\t\t\t\t\n<div class=\"wp-block-media-text is-stacked-on-mobile\" style=\"grid-template-columns: 20% auto;\">\n<figure class=\"wp-block-media-text__media\"><img fetchpriority=\"high\" decoding=\"async\" width=\"768\" height=\"1024\" class=\"wp-image-1524 size-full\" src=\"https:\/\/oszd.ch\/wp-content\/uploads\/2022\/06\/3-768x1024.jpg\" alt=\"\" srcset=\"https:\/\/oszd.ch\/wp-content\/uploads\/2022\/06\/3-768x1024.jpg 768w, https:\/\/oszd.ch\/wp-content\/uploads\/2022\/06\/3-225x300.jpg 225w, https:\/\/oszd.ch\/wp-content\/uploads\/2022\/06\/3-1152x1536.jpg 1152w, https:\/\/oszd.ch\/wp-content\/uploads\/2022\/06\/3-1536x2048.jpg 1536w, https:\/\/oszd.ch\/wp-content\/uploads\/2022\/06\/3-1600x2133.jpg 1600w, https:\/\/oszd.ch\/wp-content\/uploads\/2022\/06\/3-scaled.jpg 1920w\" sizes=\"(max-width: 768px) 100vw, 768px\" \/><\/figure>\n<div class=\"wp-block-media-text__content\">\n<p>Berufsberatung, Petra H\u00e4ubi<\/p>\n\n<div class=\"wp-block-columns is-layout-flex wp-container-core-columns-is-layout-2 wp-block-columns-is-layout-flex\">\n<div class=\"wp-block-column is-layout-flow wp-block-column-is-layout-flow\" style=\"flex-basis: 100%;\">\n<p>Mail: petra.haeubi@dbk.so.ch<\/p>\n<\/div>\n<\/div>\n\n<p>Telefon: 061 704 71 79<\/p>\n<\/div>\n<\/div>\n\n<p>Du hast die M\u00f6glichkeit dich f\u00fcr ein Beratungsgespr\u00e4ch bei der Berufsberaterin Frau H\u00e4ubi anzumelden. Frau H\u00e4ubi ist in der Regel am\u00a0<strong>Montag <\/strong>im Schulhaus (B\u00fcro im 1. Stock). M\u00f6glich sind auch Beratungsgespr\u00e4che im BIZ Breitenbach. Die Beratung ist vertraulich und kostenlos.<\/p>\n\n<p>Die Berufsberatung unterst\u00fctzt dich\u00a0<\/p>\n\n<ul>\n<li><strong>bei deiner Berufswahl<\/strong><\/li>\n\n<li><strong>deine Berufsw\u00fcnsche kritisch zu beurteilen<\/strong><\/li>\n\n<li><strong>deine Interessen und St\u00e4rken klarer zu erkennen<\/strong><\/li>\n\n<li><strong>verschiedene L\u00f6sungsm\u00f6glichkeiten miteinander zu vergleichen<\/strong><\/li>\n\n<li><strong>bei der Planung deiner n\u00e4chsten Schritte<\/strong><\/li>\n\n<li><strong>in deinem Entscheidungsprozess<\/strong><\/li>\n<\/ul>\n\n<p>Sie informiert dich<\/p>\n\n<ul>\n<li><strong>\u00fcber Berufe\u00a0und Ausbildungen<\/strong><\/li>\n\n<li><strong>\u00fcber Mittelschulen<\/strong><\/li>\n\n<li><strong>\u00fcber Zwischenl\u00f6sungen\u00a0<\/strong><\/li>\n<\/ul>\n\n<p>Im Mittelpunkt steht das pers\u00f6nliche Gespr\u00e4ch, das durch Interessentests erg\u00e4nzt werden kann. Eine Beratung kann ein oder mehrere Termine umfassen. Deine Eltern sind herzlich willkommen.<\/p>\n\n<p><strong>Wie melde ich mich f\u00fcr ein Beratungsgespr\u00e4ch an?<\/strong><\/p>\n\n<p>Du kannst dich direkt bei Frau H\u00e4ubi an einem Montag im Schulhaus melden oder dich per Mail an Frau H\u00e4ubi wenden: <a href=\"mailto:petra.haeubi@dbk.so.ch\">petra.haeubi@dbk.so.ch<\/a>. Auch das BIZ-Sekretariat nimmt unter der Telefonnummer 061 704 71 71 gerne Anmeldungen entgegen (Montag bis Freitag von 08:00 &#8211; 12:00 Uhr). Zudem besteht auch die M\u00f6glichkeit sich \u00fcber das Kontaktformular unter <a href=\"https:\/\/so.ch\/verwaltung\/departement-fuer-bildung-und-kultur\/amt-fuer-berufsbildung-mittel-und-hochschulen\/berufs-studien-und-laufbahnberatung\/\">biz.so.ch<\/a> anzumelden.<\/p>\n\n<div class=\"wp-block-media-text is-stacked-on-mobile is-vertically-aligned-center\" style=\"grid-template-columns: 48% auto;\">\n<figure class=\"wp-block-media-text__media\"><img decoding=\"async\" width=\"1024\" height=\"584\" class=\"wp-image-1525 size-full\" src=\"https:\/\/oszd.ch\/wp-content\/uploads\/2022\/06\/Foto_Infothek_2019_jb-1024x584.jpg\" alt=\"\" srcset=\"https:\/\/oszd.ch\/wp-content\/uploads\/2022\/06\/Foto_Infothek_2019_jb-1024x584.jpg 1024w, https:\/\/oszd.ch\/wp-content\/uploads\/2022\/06\/Foto_Infothek_2019_jb-300x171.jpg 300w, https:\/\/oszd.ch\/wp-content\/uploads\/2022\/06\/Foto_Infothek_2019_jb-768x438.jpg 768w, https:\/\/oszd.ch\/wp-content\/uploads\/2022\/06\/Foto_Infothek_2019_jb.jpg 1463w\" sizes=\"(max-width: 1024px) 100vw, 1024px\" \/><\/figure>\n<div class=\"wp-block-media-text__content\">\n<p class=\"has-large-font-size\"><strong>Infothek im BIZ Breitenbach<\/strong><\/p>\n<\/div>\n<\/div>\n\n<p>\u00a0<\/p>\n\n<p>Die Infothek der Berufs-, Studien- und Laufbahnberatung Breitenbach offeriert umfassende Informationen zu Berufen, Schulen, Studieng\u00e4ngen an Fachhochschulen und Universit\u00e4ten, Kursen, Bewerbung und Laufbahn und vielem mehr. W\u00e4hrend der \u00d6ffnungszeiten am <strong>Mittwoch von 15:00 \u2013 17:00 Uhr <\/strong>ist auch eine Beratungsfachperson f\u00fcr kurze Informationsgespr\u00e4che vor Ort.<\/p>\n\n<p>Beratungs- und Informationszentrum BIZ<\/p>\n\n<p>Grienackerweg 14<\/p>\n\n<p>4226 Breitenbach<\/p>\n\n<p>Tel. 061 704 71 71<\/p>\n\n<p>bizbreitenbach@dbk.so.ch<\/p>\n\t\t\t\t\t\t\t\t<\/div>\n\t\t\t\t<\/div>\n\t\t\t\t\t<\/div>\n\t\t\t\t<\/div>\n\t\t\t\t<\/div>\n\t\t","protected":false},"excerpt":{"rendered":"<p>Du hast die M\u00f6glichkeit dich f\u00fcr ein Beratungsgespr\u00e4ch bei der Berufsberaterin Frau H\u00e4ubi anzumelden. Frau H\u00e4ubi ist in der Regel&hellip;<\/p>\n","protected":false},"author":5,"featured_media":0,"parent":0,"menu_order":0,"comment_status":"closed","ping_status":"closed","template":"","meta":{"footnotes":""},"yoast_head":"<!-- This site is optimized with the Yoast SEO plugin v24.5 - https:\/\/yoast.com\/wordpress\/plugins\/seo\/ -->\n<title>Berufsberatung - OSZD<\/title>\n<meta name=\"robots\" content=\"index, follow, max-snippet:-1, max-image-preview:large, max-video-preview:-1\" \/>\n<link rel=\"canonical\" href=\"https:\/\/oszd.ch\/?page_id=119\" \/>\n<meta property=\"og:locale\" content=\"de_DE\" \/>\n<meta property=\"og:type\" content=\"article\" \/>\n<meta property=\"og:title\" content=\"Berufsberatung - OSZD\" \/>\n<meta property=\"og:description\" content=\"Du hast die M\u00f6glichkeit dich f\u00fcr ein Beratungsgespr\u00e4ch bei der Berufsberaterin Frau H\u00e4ubi anzumelden. Frau H\u00e4ubi ist in der Regel&hellip;\" \/>\n<meta property=\"og:url\" content=\"https:\/\/oszd.ch\/?page_id=119\" \/>\n<meta property=\"og:site_name\" content=\"OSZD\" \/>\n<meta property=\"article:modified_time\" content=\"2025-09-01T14:54:42+00:00\" \/>\n<meta property=\"og:image\" content=\"https:\/\/oszd.ch\/wp-content\/uploads\/2022\/06\/3-scaled.jpg\" \/>\n\t<meta property=\"og:image:width\" content=\"1920\" \/>\n\t<meta property=\"og:image:height\" content=\"2560\" \/>\n\t<meta property=\"og:image:type\" content=\"image\/jpeg\" \/>\n<meta name=\"twitter:card\" content=\"summary_large_image\" \/>\n<meta name=\"twitter:label1\" content=\"Gesch\u00e4tzte Lesezeit\" \/>\n\t<meta name=\"twitter:data1\" content=\"2\u00a0Minuten\" \/>\n<script type=\"application\/ld+json\" class=\"yoast-schema-graph\">{\"@context\":\"https:\/\/schema.org\",\"@graph\":[{\"@type\":\"WebPage\",\"@id\":\"https:\/\/oszd.ch\/?page_id=119\",\"url\":\"https:\/\/oszd.ch\/?page_id=119\",\"name\":\"Berufsberatung - OSZD\",\"isPartOf\":{\"@id\":\"https:\/\/oszd.ch\/#website\"},\"primaryImageOfPage\":{\"@id\":\"https:\/\/oszd.ch\/?page_id=119#primaryimage\"},\"image\":{\"@id\":\"https:\/\/oszd.ch\/?page_id=119#primaryimage\"},\"thumbnailUrl\":\"https:\/\/oszd.ch\/wp-content\/uploads\/2022\/06\/3-768x1024.jpg\",\"datePublished\":\"2020-01-01T09:27:42+00:00\",\"dateModified\":\"2025-09-01T14:54:42+00:00\",\"breadcrumb\":{\"@id\":\"https:\/\/oszd.ch\/?page_id=119#breadcrumb\"},\"inLanguage\":\"de\",\"potentialAction\":[{\"@type\":\"ReadAction\",\"target\":[\"https:\/\/oszd.ch\/?page_id=119\"]}]},{\"@type\":\"ImageObject\",\"inLanguage\":\"de\",\"@id\":\"https:\/\/oszd.ch\/?page_id=119#primaryimage\",\"url\":\"https:\/\/oszd.ch\/wp-content\/uploads\/2022\/06\/3-scaled.jpg\",\"contentUrl\":\"https:\/\/oszd.ch\/wp-content\/uploads\/2022\/06\/3-scaled.jpg\",\"width\":1920,\"height\":2560},{\"@type\":\"BreadcrumbList\",\"@id\":\"https:\/\/oszd.ch\/?page_id=119#breadcrumb\",\"itemListElement\":[{\"@type\":\"ListItem\",\"position\":1,\"name\":\"Startseite\",\"item\":\"https:\/\/oszd.ch\/\"},{\"@type\":\"ListItem\",\"position\":2,\"name\":\"Berufsberatung\"}]},{\"@type\":\"WebSite\",\"@id\":\"https:\/\/oszd.ch\/#website\",\"url\":\"https:\/\/oszd.ch\/\",\"name\":\"OSZD\",\"description\":\"Oberstufenzentrum Dorneckberg\",\"publisher\":{\"@id\":\"https:\/\/oszd.ch\/#organization\"},\"potentialAction\":[{\"@type\":\"SearchAction\",\"target\":{\"@type\":\"EntryPoint\",\"urlTemplate\":\"https:\/\/oszd.ch\/?s={search_term_string}\"},\"query-input\":{\"@type\":\"PropertyValueSpecification\",\"valueRequired\":true,\"valueName\":\"search_term_string\"}}],\"inLanguage\":\"de\"},{\"@type\":\"Organization\",\"@id\":\"https:\/\/oszd.ch\/#organization\",\"name\":\"OSZD\",\"url\":\"https:\/\/oszd.ch\/\",\"logo\":{\"@type\":\"ImageObject\",\"inLanguage\":\"de\",\"@id\":\"https:\/\/oszd.ch\/#\/schema\/logo\/image\/\",\"url\":\"https:\/\/oszd.ch\/wp-content\/uploads\/2020\/06\/cropped-OSZD-Original-CMYK_WEB.jpg\",\"contentUrl\":\"https:\/\/oszd.ch\/wp-content\/uploads\/2020\/06\/cropped-OSZD-Original-CMYK_WEB.jpg\",\"width\":1240,\"height\":506,\"caption\":\"OSZD\"},\"image\":{\"@id\":\"https:\/\/oszd.ch\/#\/schema\/logo\/image\/\"}}]}<\/script>\n<!-- \/ Yoast SEO plugin. -->","yoast_head_json":{"title":"Berufsberatung - OSZD","robots":{"index":"index","follow":"follow","max-snippet":"max-snippet:-1","max-image-preview":"max-image-preview:large","max-video-preview":"max-video-preview:-1"},"canonical":"https:\/\/oszd.ch\/?page_id=119","og_locale":"de_DE","og_type":"article","og_title":"Berufsberatung - OSZD","og_description":"Du hast die M\u00f6glichkeit dich f\u00fcr ein Beratungsgespr\u00e4ch bei der Berufsberaterin Frau H\u00e4ubi anzumelden. Frau H\u00e4ubi ist in der Regel&hellip;","og_url":"https:\/\/oszd.ch\/?page_id=119","og_site_name":"OSZD","article_modified_time":"2025-09-01T14:54:42+00:00","og_image":[{"width":1920,"height":2560,"url":"https:\/\/oszd.ch\/wp-content\/uploads\/2022\/06\/3-scaled.jpg","type":"image\/jpeg"}],"twitter_card":"summary_large_image","twitter_misc":{"Gesch\u00e4tzte Lesezeit":"2\u00a0Minuten"},"schema":{"@context":"https:\/\/schema.org","@graph":[{"@type":"WebPage","@id":"https:\/\/oszd.ch\/?page_id=119","url":"https:\/\/oszd.ch\/?page_id=119","name":"Berufsberatung - OSZD","isPartOf":{"@id":"https:\/\/oszd.ch\/#website"},"primaryImageOfPage":{"@id":"https:\/\/oszd.ch\/?page_id=119#primaryimage"},"image":{"@id":"https:\/\/oszd.ch\/?page_id=119#primaryimage"},"thumbnailUrl":"https:\/\/oszd.ch\/wp-content\/uploads\/2022\/06\/3-768x1024.jpg","datePublished":"2020-01-01T09:27:42+00:00","dateModified":"2025-09-01T14:54:42+00:00","breadcrumb":{"@id":"https:\/\/oszd.ch\/?page_id=119#breadcrumb"},"inLanguage":"de","potentialAction":[{"@type":"ReadAction","target":["https:\/\/oszd.ch\/?page_id=119"]}]},{"@type":"ImageObject","inLanguage":"de","@id":"https:\/\/oszd.ch\/?page_id=119#primaryimage","url":"https:\/\/oszd.ch\/wp-content\/uploads\/2022\/06\/3-scaled.jpg","contentUrl":"https:\/\/oszd.ch\/wp-content\/uploads\/2022\/06\/3-scaled.jpg","width":1920,"height":2560},{"@type":"BreadcrumbList","@id":"https:\/\/oszd.ch\/?page_id=119#breadcrumb","itemListElement":[{"@type":"ListItem","position":1,"name":"Startseite","item":"https:\/\/oszd.ch\/"},{"@type":"ListItem","position":2,"name":"Berufsberatung"}]},{"@type":"WebSite","@id":"https:\/\/oszd.ch\/#website","url":"https:\/\/oszd.ch\/","name":"OSZD","description":"Oberstufenzentrum Dorneckberg","publisher":{"@id":"https:\/\/oszd.ch\/#organization"},"potentialAction":[{"@type":"SearchAction","target":{"@type":"EntryPoint","urlTemplate":"https:\/\/oszd.ch\/?s={search_term_string}"},"query-input":{"@type":"PropertyValueSpecification","valueRequired":true,"valueName":"search_term_string"}}],"inLanguage":"de"},{"@type":"Organization","@id":"https:\/\/oszd.ch\/#organization","name":"OSZD","url":"https:\/\/oszd.ch\/","logo":{"@type":"ImageObject","inLanguage":"de","@id":"https:\/\/oszd.ch\/#\/schema\/logo\/image\/","url":"https:\/\/oszd.ch\/wp-content\/uploads\/2020\/06\/cropped-OSZD-Original-CMYK_WEB.jpg","contentUrl":"https:\/\/oszd.ch\/wp-content\/uploads\/2020\/06\/cropped-OSZD-Original-CMYK_WEB.jpg","width":1240,"height":506,"caption":"OSZD"},"image":{"@id":"https:\/\/oszd.ch\/#\/schema\/logo\/image\/"}}]}},"_links":{"self":[{"href":"https:\/\/oszd.ch\/index.php?rest_route=\/wp\/v2\/pages\/119"}],"collection":[{"href":"https:\/\/oszd.ch\/index.php?rest_route=\/wp\/v2\/pages"}],"about":[{"href":"https:\/\/oszd.ch\/index.php?rest_route=\/wp\/v2\/types\/page"}],"author":[{"embeddable":true,"href":"https:\/\/oszd.ch\/index.php?rest_route=\/wp\/v2\/users\/5"}],"replies":[{"embeddable":true,"href":"https:\/\/oszd.ch\/index.php?rest_route=%2Fwp%2Fv2%2Fcomments&post=119"}],"version-history":[{"count":7,"href":"https:\/\/oszd.ch\/index.php?rest_route=\/wp\/v2\/pages\/119\/revisions"}],"predecessor-version":[{"id":3917,"href":"https:\/\/oszd.ch\/index.php?rest_route=\/wp\/v2\/pages\/119\/revisions\/3917"}],"wp:attachment":[{"href":"https:\/\/oszd.ch\/index.php?rest_route=%2Fwp%2Fv2%2Fmedia&parent=119"}],"curies":[{"name":"wp","href":"https:\/\/api.w.org\/{rel}","templated":true}]}}